{"id":2312,"date":"2020-11-25T09:44:21","date_gmt":"2020-11-25T08:44:21","guid":{"rendered":"https:\/\/www.nena-apartments.de\/hygienekonzept\/"},"modified":"2021-11-18T13:23:44","modified_gmt":"2021-11-18T12:23:44","slug":"hygiene-concept","status":"publish","type":"page","link":"https:\/\/www.nena-apartments.de\/en\/hygiene-concept\/","title":{"rendered":"Hygiene concept"},"content":{"rendered":"<div class=\"wpb-content-wrapper\"><p>[vc_row][vc_column][vc_empty_space]<h1 class=\"nena-heading   \" style=\"color:#000000;\">Hygiene concept<\/h1>[\/vc_column][\/vc_row][vc_row disable_element=&#8221;yes&#8221;][vc_column][vc_column_text]<strong>Informationen zum Umgang mit Covid 19<\/strong><\/p>\n<p>Besondere Zeiten erfordern besondere Ma\u00dfnahmen, wir sind uns dieser Anforderung bewusst und haben daher nachfolgen f\u00fcr Sie zur \u00dcbersicht unsere Hygienema\u00dfnahmen aufgef\u00fchrt.<\/p>\n<p>Die Unterbringung in den Nena Apartments erm\u00f6glichen Ihnen gr\u00f6\u00dftm\u00f6gliche Individualit\u00e4t und Freiraum. Gleichzeitig sind wir jederzeit f\u00fcr Sie da, wenn Sie Fragen haben oder unsere Unterst\u00fctzung ben\u00f6tigen.<\/p>\n<p>&nbsp;<\/p>\n<p><strong>Reduzierung der Kontakte<\/strong><\/p>\n<p>Zur Minimierung der Kontakte bieten wir Ihnen von Anfang an die Reduzierung der direkten Kontakte an. Die Bezahlung erfolgt bargeldlos, ohne das \u00fcbliche Check-Out Prozedere der Hotellerie. Ihre Rechnung erhalten Sie von uns auf digitalem Weg an die von Ihnen angegebene e-mail Adresse. Selbstverst\u00e4ndlich stehen wir Ihnen f\u00fcr Fragen und Informationen rund um den Check Out und Rechnungsversand gerne zur Verf\u00fcgung.<\/p>\n<p>&nbsp;<\/p>\n<p><strong>Mindestabstand und Distanzschutz<\/strong><\/p>\n<p>Zum Schutz Aller ist die Einhaltung des empfohlenen Mindestabstands von 1,5m ein wesentliches Kriterium. Dieser wird in allen \u00f6ffentlichen Bereichen erm\u00f6glicht, so dass jeder Gast sowie unsere Mitarbeiter zu jeder Zeit das Infektionsrisiko minimieren k\u00f6nnen. Zudem ist das Tragen einer Mund-Nasen-Bedeckung in allen \u00f6ffentlichen Bereichen des Hauses vorgegeben. F\u00fcr begrenzte R\u00e4ume wie z.B. Aufz\u00fcge oder B\u00fcror\u00e4ume ist deutlich sichtbar eine maximale der Fl\u00e4che angemessene Personenzahl ausgeh\u00e4ngt. Bei Gespr\u00e4chen sowie sonstigen notwendiger Vorg\u00e4nge an der Rezeption, dient ein Distanzschutz aus Plexiglas zur weiteren Sicherheit.<\/p>\n<p>&nbsp;<\/p>\n<p><strong>Einhaltung der Hygienestandards<\/strong><\/p>\n<p>Unsere G\u00e4ste und Mitarbeiter sind zur sorgf\u00e4ltigen und regelm\u00e4\u00dfigen Handhygiene angehalten. Der Aushang der Empfehlungen f\u00fcr optimale Einhaltung der Handhygiene und weiterer Hygienestandards sind deutlich sichtbar an allen relevanten Orten in den \u00f6ffentlichen Bereichen ausgeh\u00e4ngt. Dar\u00fcber hinaus informieren und schulen wir unsere Mitarbeiter regelm\u00e4\u00dfig \u00fcber die aktuellsten Hygienevorgaben. Alle Kontaktfl\u00e4chen im \u00f6ffentlichen Bereich wie T\u00fcrgriffe, Oberfl\u00e4chen, Sanit\u00e4rbereiche, Zimmerschl\u00fcssel oder \u2013karten werden regelm\u00e4\u00dfig gereinigt und desinfiziert. Desinfektionsmittelspender sind an markanten Stellen im gesamten Haus aufgestellt.<\/p>\n<p>&nbsp;<\/p>\n<p><strong>Reinigung der Apartments<\/strong><\/p>\n<p>Die Apartments werden vor jeder Anreise durch einen professionellen Dienstleister gr\u00fcndlich gereinigt und desinfiziert. Vor jeder Neubelegung werden die Apartments gut gel\u00fcftet und die verwendete Bett- und Frotteew\u00e4sche durch eine externe W\u00e4scherei unter Einhaltung der erforderlichen Sicherheits- und Hygienestandards gereinigt. Einmal w\u00f6chentlich wird das Apartment professionell gereinigt und Oberfl\u00e4chen und Sanit\u00e4rbereiche mit Desinfektionsmittel behandelt. Sollten Sie nicht w\u00fcnschen, dass ihr Apartment w\u00e4hrend Ihres Aufenthalts betreten wird, so informieren Sie bitte unsere Mitarbeiter entsprechend.<\/p>\n<p>&nbsp;<\/p>\n<p><strong>Reservierung \u2013 bereits vor der Anreise vorsorge<\/strong><\/p>\n<p>Aufgrund der dynamischen und damit oft nichtvorhersagbaren Entwicklung der Pandemie und der dadurch erlassenen Vorgaben und Verordnungen, bieten wir Ihnen flexible Raten. So erm\u00f6glichen wir Ihnen bereits vor der Anreise die gr\u00f6\u00dftm\u00f6gliche Sicherheit und bieten Ihnen Flexibilit\u00e4t bei der Buchung mit entsprechend angepassten Stornierungsfristen bis 24 Stunden vor Anreise zur kostenfreien Stornierung. Damit behalten Sie die volle Kontrolle \u00fcber ihre Buchung. Auf Wunsch k\u00f6nnen wir auch Ihren Check-In kontaktfrei vorbereiten, sofern Sie uns im Vorfeld alle notwendigen Daten zur Verf\u00fcgung stellen. Sprechen Sie uns gerne darauf an![\/vc_column_text][\/vc_column][\/vc_row][vc_row full_width=&#8221;stretch_row&#8221; el_class=&#8221;row-with-icon&#8221;][vc_column width=&#8221;4\/6&#8243;][vc_column_text]<\/p>\n<h4><strong><b>Information on how to deal with Covid 19<\/b><\/strong><\/h4>\n<p>Special times require special measures, we are aware of this requirement and have therefore listed our hygiene measures for you below for an overview.<\/p>\n<p>Accommodation in the Nena Apartments allows you the greatest possible individuality and freedom. At the same time, we are always there for you if you have any questions or need our support.[\/vc_column_text][\/vc_column][vc_column width=&#8221;1\/6&#8243;][\/vc_column][vc_column width=&#8221;1\/6&#8243;][vc_single_image image=&#8221;1384&#8243;][\/vc_column][\/vc_row][vc_row full_width=&#8221;stretch_row&#8221; css=&#8221;.vc_custom_1608195279867{background-color: #f2f2f2 !important;}&#8221; el_class=&#8221;row-with-icon&#8221;][vc_column width=&#8221;4\/6&#8243;][vc_column_text]<\/p>\n<h4><strong>Reduction of contacts<\/strong><\/h4>\n<p>To minimize health risks, we offer you the reduction of direct contacts right from the start. Payment is cashless, without the usual check-out procedure of the hotel industry. You will receive your invoice from us digitally to the e-mail address you have provided. Of course, we are at your disposal for questions and information about the check out and invoice dispatch.[\/vc_column_text][\/vc_column][vc_column width=&#8221;1\/6&#8243;][\/vc_column][vc_column width=&#8221;1\/6&#8243;][vc_single_image image=&#8221;1380&#8243;][\/vc_column][\/vc_row][vc_row full_width=&#8221;stretch_row&#8221; el_class=&#8221;row-with-icon&#8221;][vc_column width=&#8221;4\/6&#8243;][vc_column_text]<\/p>\n<h4><strong>Minimum distance and distance protection<\/strong><\/h4>\n<p>To protect everyone, compliance with the recommended minimum distance of 1.5m is an essential criterion. This is made possible in all public areas, so that every guest as well as our employees can minimize the risk of infection at any time. In addition, wearing of a mouth-nose cover is prescribed in all public areas of the house. For limited rooms such as elevators or offices, a maximum number of people appropriate to the area is clearly displayed. For conversations and other necessary procedures at the reception, a distance protection made of Plexiglas serves for further safety.[\/vc_column_text][\/vc_column][vc_column width=&#8221;1\/6&#8243;][\/vc_column][vc_column width=&#8221;1\/6&#8243;][vc_single_image image=&#8221;1388&#8243;][\/vc_column][\/vc_row][vc_row full_width=&#8221;stretch_row&#8221; css=&#8221;.vc_custom_1608195286345{background-color: #f2f2f2 !important;}&#8221; el_class=&#8221;row-with-icon&#8221;][vc_column width=&#8221;4\/6&#8243;][vc_column_text]<\/p>\n<h4><strong>Compliance with hygiene standards<\/strong><\/h4>\n<p>Our guests and employees are required for careful and regular hand hygiene. The notice of recommendations for optimal compliance with hand hygiene and other hygiene standards are clearly displayed in all relevant places in the public areas. In addition, we regularly inform and train our employees about the latest hygiene requirements. All contact areas in public areas such as door handles, surfaces, sanitary areas, room keys or cards are regularly cleaned and disinfected. Disinfectant dispensers are placed in prominent places throughout the house.[\/vc_column_text][\/vc_column][vc_column width=&#8221;1\/6&#8243;][\/vc_column][vc_column width=&#8221;1\/6&#8243;][vc_single_image image=&#8221;1386&#8243;][\/vc_column][\/vc_row][vc_row full_width=&#8221;stretch_row&#8221; el_class=&#8221;row-with-icon&#8221;][vc_column width=&#8221;4\/6&#8243;][vc_column_text]<\/p>\n<h4><strong>Cleaning of the apartments<\/strong><\/h4>\n<p>The apartments are thoroughly cleaned and disinfected by a professional service provider before each arrival. Before each new occupancy, the apartments are well aired and the bed linen and towels used are cleaned by an external laundry in compliance with the required safety and hygiene standards. Once a week the apartment is professionally cleaned and surfaces and sanitary areas are treated with disinfectant. If you do not wish your apartment to be entered during your stay, please inform our staff accordingly.[\/vc_column_text][\/vc_column][vc_column width=&#8221;1\/6&#8243;][\/vc_column][vc_column width=&#8221;1\/6&#8243;][vc_single_image image=&#8221;1390&#8243;][\/vc_column][\/vc_row][vc_column width=&#8221;4\/6&#8243;][\/vc_column][vc_column width=&#8221;1\/6&#8243;][\/vc_column][vc_column width=&#8221;1 \/ 6&#8243;][\/vc_column][vc_row][vc_column][vc_empty_space][\/vc_column][\/vc_row]<\/p>\n<\/div>","protected":false},"excerpt":{"rendered":"<p>[vc_row][vc_column][vc_empty_space][\/vc_column][\/vc_row][vc_row disable_element=&#8221;yes&#8221;][vc_column][vc_column_text]Informationen zum Umgang mit Covid 19 Besondere Zeiten erfordern besondere Ma\u00dfnahmen, wir sind uns dieser Anforderung bewusst und haben daher nachfolgen f\u00fcr Sie zur \u00dcbersicht unsere Hygienema\u00dfnahmen aufgef\u00fchrt. Die Unterbringung in den Nena Apartments erm\u00f6glichen Ihnen gr\u00f6\u00dftm\u00f6gliche Individualit\u00e4t und Freiraum. Gleichzeitig sind wir jederzeit f\u00fcr Sie da, wenn Sie Fragen haben oder unsere Unterst\u00fctzung [&hellip;]<\/p>\n","protected":false},"author":7,"featured_media":0,"parent":0,"menu_order":0,"comment_status":"closed","ping_status":"closed","template":"","meta":{"_acf_changed":false,"footnotes":""},"class_list":["post-2312","page","type-page","status-publish","hentry"],"acf":[],"yoast_head":"<!-- This site is optimized with the Yoast SEO plugin v27.5 - https:\/\/yoast.com\/product\/yoast-seo-wordpress\/ -->\n<title>Hygiene concept - Nena Apartments<\/title>\n<meta name=\"robots\" content=\"index, follow, max-snippet:-1, max-image-preview:large, max-video-preview:-1\" \/>\n<link rel=\"canonical\" href=\"https:\/\/www.nena-apartments.de\/en\/hygiene-concept\/\" \/>\n<meta property=\"og:locale\" content=\"en_US\" \/>\n<meta property=\"og:type\" content=\"article\" \/>\n<meta property=\"og:title\" content=\"Hygiene concept - Nena Apartments\" \/>\n<meta property=\"og:description\" content=\"[vc_row][vc_column][vc_empty_space][\/vc_column][\/vc_row][vc_row disable_element=&#8221;yes&#8221;][vc_column][vc_column_text]Informationen zum Umgang mit Covid 19 Besondere Zeiten erfordern besondere Ma\u00dfnahmen, wir sind uns dieser Anforderung bewusst und haben daher nachfolgen f\u00fcr Sie zur \u00dcbersicht unsere Hygienema\u00dfnahmen aufgef\u00fchrt. Die Unterbringung in den Nena Apartments erm\u00f6glichen Ihnen gr\u00f6\u00dftm\u00f6gliche Individualit\u00e4t und Freiraum. Gleichzeitig sind wir jederzeit f\u00fcr Sie da, wenn Sie Fragen haben oder unsere Unterst\u00fctzung [&hellip;]\" \/>\n<meta property=\"og:url\" content=\"https:\/\/www.nena-apartments.de\/en\/hygiene-concept\/\" \/>\n<meta property=\"og:site_name\" content=\"Nena Apartments\" \/>\n<meta property=\"article:modified_time\" content=\"2021-11-18T12:23:44+00:00\" \/>\n<meta name=\"twitter:card\" content=\"summary_large_image\" \/>\n<meta name=\"twitter:label1\" content=\"Est. reading time\" \/>\n\t<meta name=\"twitter:data1\" content=\"6 minutes\" \/>\n<script type=\"application\/ld+json\" class=\"yoast-schema-graph\">{\"@context\":\"https:\\\/\\\/schema.org\",\"@graph\":[{\"@type\":\"WebPage\",\"@id\":\"https:\\\/\\\/www.nena-apartments.de\\\/en\\\/hygiene-concept\\\/\",\"url\":\"https:\\\/\\\/www.nena-apartments.de\\\/en\\\/hygiene-concept\\\/\",\"name\":\"Hygiene concept - Nena Apartments\",\"isPartOf\":{\"@id\":\"https:\\\/\\\/www.nena-apartments.de\\\/#website\"},\"datePublished\":\"2020-11-25T08:44:21+00:00\",\"dateModified\":\"2021-11-18T12:23:44+00:00\",\"breadcrumb\":{\"@id\":\"https:\\\/\\\/www.nena-apartments.de\\\/en\\\/hygiene-concept\\\/#breadcrumb\"},\"inLanguage\":\"en-US\",\"potentialAction\":[{\"@type\":\"ReadAction\",\"target\":[\"https:\\\/\\\/www.nena-apartments.de\\\/en\\\/hygiene-concept\\\/\"]}]},{\"@type\":\"BreadcrumbList\",\"@id\":\"https:\\\/\\\/www.nena-apartments.de\\\/en\\\/hygiene-concept\\\/#breadcrumb\",\"itemListElement\":[{\"@type\":\"ListItem\",\"position\":1,\"name\":\"Startseite\",\"item\":\"https:\\\/\\\/www.nena-apartments.de\\\/en\\\/\"},{\"@type\":\"ListItem\",\"position\":2,\"name\":\"Hygiene concept\"}]},{\"@type\":\"WebSite\",\"@id\":\"https:\\\/\\\/www.nena-apartments.de\\\/#website\",\"url\":\"https:\\\/\\\/www.nena-apartments.de\\\/\",\"name\":\"Nena Apartments\",\"description\":\"Home Away Frome Home\",\"publisher\":{\"@id\":\"https:\\\/\\\/www.nena-apartments.de\\\/#organization\"},\"potentialAction\":[{\"@type\":\"SearchAction\",\"target\":{\"@type\":\"EntryPoint\",\"urlTemplate\":\"https:\\\/\\\/www.nena-apartments.de\\\/?s={search_term_string}\"},\"query-input\":{\"@type\":\"PropertyValueSpecification\",\"valueRequired\":true,\"valueName\":\"search_term_string\"}}],\"inLanguage\":\"en-US\"},{\"@type\":\"Organization\",\"@id\":\"https:\\\/\\\/www.nena-apartments.de\\\/#organization\",\"name\":\"Nena Apartments\",\"url\":\"https:\\\/\\\/www.nena-apartments.de\\\/\",\"logo\":{\"@type\":\"ImageObject\",\"inLanguage\":\"en-US\",\"@id\":\"https:\\\/\\\/www.nena-apartments.de\\\/#\\\/schema\\\/logo\\\/image\\\/\",\"url\":\"https:\\\/\\\/www.nena-apartments.de\\\/wp-content\\\/uploads\\\/2020\\\/10\\\/og-nena.png\",\"contentUrl\":\"https:\\\/\\\/www.nena-apartments.de\\\/wp-content\\\/uploads\\\/2020\\\/10\\\/og-nena.png\",\"width\":1200,\"height\":630,\"caption\":\"Nena Apartments\"},\"image\":{\"@id\":\"https:\\\/\\\/www.nena-apartments.de\\\/#\\\/schema\\\/logo\\\/image\\\/\"}}]}<\/script>\n<!-- \/ Yoast SEO plugin. -->","yoast_head_json":{"title":"Hygiene concept - Nena Apartments","robots":{"index":"index","follow":"follow","max-snippet":"max-snippet:-1","max-image-preview":"max-image-preview:large","max-video-preview":"max-video-preview:-1"},"canonical":"https:\/\/www.nena-apartments.de\/en\/hygiene-concept\/","og_locale":"en_US","og_type":"article","og_title":"Hygiene concept - Nena Apartments","og_description":"[vc_row][vc_column][vc_empty_space][\/vc_column][\/vc_row][vc_row disable_element=&#8221;yes&#8221;][vc_column][vc_column_text]Informationen zum Umgang mit Covid 19 Besondere Zeiten erfordern besondere Ma\u00dfnahmen, wir sind uns dieser Anforderung bewusst und haben daher nachfolgen f\u00fcr Sie zur \u00dcbersicht unsere Hygienema\u00dfnahmen aufgef\u00fchrt. Die Unterbringung in den Nena Apartments erm\u00f6glichen Ihnen gr\u00f6\u00dftm\u00f6gliche Individualit\u00e4t und Freiraum. Gleichzeitig sind wir jederzeit f\u00fcr Sie da, wenn Sie Fragen haben oder unsere Unterst\u00fctzung [&hellip;]","og_url":"https:\/\/www.nena-apartments.de\/en\/hygiene-concept\/","og_site_name":"Nena Apartments","article_modified_time":"2021-11-18T12:23:44+00:00","twitter_card":"summary_large_image","twitter_misc":{"Est. reading time":"6 minutes"},"schema":{"@context":"https:\/\/schema.org","@graph":[{"@type":"WebPage","@id":"https:\/\/www.nena-apartments.de\/en\/hygiene-concept\/","url":"https:\/\/www.nena-apartments.de\/en\/hygiene-concept\/","name":"Hygiene concept - Nena Apartments","isPartOf":{"@id":"https:\/\/www.nena-apartments.de\/#website"},"datePublished":"2020-11-25T08:44:21+00:00","dateModified":"2021-11-18T12:23:44+00:00","breadcrumb":{"@id":"https:\/\/www.nena-apartments.de\/en\/hygiene-concept\/#breadcrumb"},"inLanguage":"en-US","potentialAction":[{"@type":"ReadAction","target":["https:\/\/www.nena-apartments.de\/en\/hygiene-concept\/"]}]},{"@type":"BreadcrumbList","@id":"https:\/\/www.nena-apartments.de\/en\/hygiene-concept\/#breadcrumb","itemListElement":[{"@type":"ListItem","position":1,"name":"Startseite","item":"https:\/\/www.nena-apartments.de\/en\/"},{"@type":"ListItem","position":2,"name":"Hygiene concept"}]},{"@type":"WebSite","@id":"https:\/\/www.nena-apartments.de\/#website","url":"https:\/\/www.nena-apartments.de\/","name":"Nena Apartments","description":"Home Away Frome Home","publisher":{"@id":"https:\/\/www.nena-apartments.de\/#organization"},"potentialAction":[{"@type":"SearchAction","target":{"@type":"EntryPoint","urlTemplate":"https:\/\/www.nena-apartments.de\/?s={search_term_string}"},"query-input":{"@type":"PropertyValueSpecification","valueRequired":true,"valueName":"search_term_string"}}],"inLanguage":"en-US"},{"@type":"Organization","@id":"https:\/\/www.nena-apartments.de\/#organization","name":"Nena Apartments","url":"https:\/\/www.nena-apartments.de\/","logo":{"@type":"ImageObject","inLanguage":"en-US","@id":"https:\/\/www.nena-apartments.de\/#\/schema\/logo\/image\/","url":"https:\/\/www.nena-apartments.de\/wp-content\/uploads\/2020\/10\/og-nena.png","contentUrl":"https:\/\/www.nena-apartments.de\/wp-content\/uploads\/2020\/10\/og-nena.png","width":1200,"height":630,"caption":"Nena Apartments"},"image":{"@id":"https:\/\/www.nena-apartments.de\/#\/schema\/logo\/image\/"}}]}},"_links":{"self":[{"href":"https:\/\/www.nena-apartments.de\/en\/wp-json\/wp\/v2\/pages\/2312","targetHints":{"allow":["GET"]}}],"collection":[{"href":"https:\/\/www.nena-apartments.de\/en\/wp-json\/wp\/v2\/pages"}],"about":[{"href":"https:\/\/www.nena-apartments.de\/en\/wp-json\/wp\/v2\/types\/page"}],"author":[{"embeddable":true,"href":"https:\/\/www.nena-apartments.de\/en\/wp-json\/wp\/v2\/users\/7"}],"replies":[{"embeddable":true,"href":"https:\/\/www.nena-apartments.de\/en\/wp-json\/wp\/v2\/comments?post=2312"}],"version-history":[{"count":7,"href":"https:\/\/www.nena-apartments.de\/en\/wp-json\/wp\/v2\/pages\/2312\/revisions"}],"predecessor-version":[{"id":2391,"href":"https:\/\/www.nena-apartments.de\/en\/wp-json\/wp\/v2\/pages\/2312\/revisions\/2391"}],"wp:attachment":[{"href":"https:\/\/www.nena-apartments.de\/en\/wp-json\/wp\/v2\/media?parent=2312"}],"curies":[{"name":"wp","href":"https:\/\/api.w.org\/{rel}","templated":true}]}}